{"id":3848,"date":"2020-10-21T07:36:29","date_gmt":"2020-10-21T07:36:29","guid":{"rendered":"https:\/\/camping-dreispatzen.eu\/datenschutzbestimmungen\/"},"modified":"2023-06-09T12:13:31","modified_gmt":"2023-06-09T12:13:31","slug":"datenschutzbestimmungen","status":"publish","type":"page","link":"https:\/\/camping-dreispatzen.eu\/de\/datenschutzbestimmungen\/","title":{"rendered":"Datenschutzbestimmungen"},"content":{"rendered":"<p>Dies ist die Datenschutzerkl\u00e4rung von: Camping Drei Spatzen an der Adresse <span class=\"elementor-icon-list-text\">Im krahnen 21, 54675 in Utscheid<\/span>. Bei Fragen oder zur Kontaktaufnahme senden Sie bitte eine E-Mail an <a href=\"mailto:info@camping-dreispatzen.eu\"><br \/>\n  <span class=\"elementor-icon-list-text\">info@camping-dreispatzen.eu<\/span><br \/>\n<\/a>.<\/p>\n<h2>Welche pers\u00f6nlichen Daten wir sammeln und warum wir sie sammeln<\/h2>\n<h3>Kommentare<\/h3>\n<p>Wenn Besucher Kommentare auf der Website hinterlassen, erfassen wir die im Kommentarformular angezeigten Daten, die IP-Adresse des Besuchers und den User-Agent des Browsers, um Spam zu erkennen.<\/p>\n<p>Eine anonymisierte Zeichenkette, die aus Ihrer E-Mail-Adresse erstellt wird (dies wird auch als Hash bezeichnet), kann an den Gravatar-Dienst gesendet werden, wenn Sie diesen nutzen. Die Seite mit den Datenschutzbestimmungen finden Sie hier: https:\/\/automattic.com\/privacy\/. Nachdem Ihr Kommentar genehmigt wurde, wird Ihr Profilbild im Zusammenhang mit Ihrem Kommentar \u00f6ffentlich sichtbar sein.<\/p>\n<h3>Medien<\/h3>\n<p>Wenn Sie ein registrierter Benutzer sind und Bilder auf die Website hochladen, sollten Sie es vermeiden, Bilder mit EXIF-GPS-Standortdaten hochzuladen. Die Besucher der Website k\u00f6nnen Bilder von der Website herunterladen und Details zum Standort einsehen.<\/p>\n<h3>Kontaktformulare<\/h3>\n<p>Die pers\u00f6nlichen Kontaktdaten werden beim Ausf\u00fcllen des Kontaktformulars erfasst. Diese Daten werden in unserer Mailbox gespeichert. Pers\u00f6nliche Kontaktdaten werden f\u00fcr Servicezwecke aufbewahrt. Die aufbewahrten Kontaktdaten werden nicht f\u00fcr Marketingzwecke verwendet.<\/p>\n<h3>Cookies<\/h3>\n<p>Wenn Sie einen Kommentar auf unserer Website hinterlassen, k\u00f6nnen Sie angeben, ob Ihr Name, Ihre E-Mail-Adresse und Ihr Standort in einem Cookie gespeichert werden d\u00fcrfen. Dies geschieht aus Gr\u00fcnden der Bequemlichkeit, damit Sie diese Angaben bei einem neuen Kommentar nicht erneut eingeben m\u00fcssen. Diese Cookies sind ein Jahr lang g\u00fcltig.<\/p>\n<p>Wenn Sie unsere Login-Seite besuchen, speichern wir ein tempor\u00e4res Cookie, um zu pr\u00fcfen, ob Ihr Browser Cookies akzeptiert. Dieses Cookie enth\u00e4lt keine pers\u00f6nlichen Daten und wird gel\u00f6scht, sobald Sie Ihren Browser schlie\u00dfen.<\/p>\n<p>Wenn Sie sich anmelden, speichern wir einige Cookies, die sich auf Ihre Anmeldeinformationen und Bildschirmdarstellungsoptionen beziehen. Login-Cookies sind 2 Tage lang g\u00fcltig, Cookies f\u00fcr Bildschirmoptionen 1 Jahr lang. Wenn Sie &#8222;Angemeldet bleiben&#8220; w\u00e4hlen, wird Ihr Login f\u00fcr 2 Wochen gespeichert. Sobald Sie sich von Ihrem Konto abmelden, werden die Anmelde-Cookies gel\u00f6scht.<\/p>\n<p>Wenn Sie einen Beitrag bearbeiten oder ver\u00f6ffentlichen, wird ein zus\u00e4tzliches Cookie von Ihrem Browser gespeichert. Dieser Cookie enth\u00e4lt keine pers\u00f6nlichen Daten, sondern nur die Post-ID des von Ihnen bearbeiteten Artikels. Dieses Cookie verf\u00e4llt nach einem Tag.<\/p>\n<h3>Eingebettete Inhalte von anderen Websites<\/h3>\n<p>Die Beitr\u00e4ge auf dieser Website k\u00f6nnen eingebettete Inhalte (z. B. Videos, Bilder, Nachrichten usw.) enthalten. Eingebettete Inhalte von anderen Websites verhalten sich genau so, als ob der Besucher diese andere Website besucht h\u00e4tte.<\/p>\n<p>Diese Websites k\u00f6nnen Daten \u00fcber Sie sammeln, Cookies verwenden, zus\u00e4tzliche Trackingfunktionen von Dritten einbetten und Ihre Interaktion mit diesen eingebetteten Inhalten \u00fcberwachen, einschlie\u00dflich der Aufzeichnung Ihrer Interaktion mit eingebetteten Inhalten, wenn Sie ein Konto haben und auf dieser Website angemeldet sind.<\/p>\n<h3>Sicherheits-Logs<\/h3>\n<p>Die IP-Adresse von Besuchern, die Benutzer-ID von angemeldeten Benutzern und der Benutzername von Anmeldeversuchen werden bedingt aufgezeichnet, um b\u00f6sartige Aktivit\u00e4ten zu erkennen und die Website vor bestimmten Arten von Angriffen zu sch\u00fctzen. Beispiele f\u00fcr Protokollierungsbedingungen sind Anmeldeversuche, Abmeldeanfragen, Anfragen f\u00fcr verd\u00e4chtige URLs, \u00c4nderungen des Website-Inhalts und Passwortaktualisierungen. Diese Informationen werden 60 Tage lang aufbewahrt.<\/p>\n<h3>Analytik<\/h3>\n<p>Wir bem\u00fchen uns, die Erfahrung, die Sie mit unserer Website machen, so gut und optimal wie m\u00f6glich zu gestalten. Das k\u00f6nnen wir nur tun, wenn wir wissen, was unsere Besucher auf der Website tun. Und deshalb mehr von dem posten, was gef\u00e4llt, und weniger von dem, was nicht gef\u00e4llt.<\/p>\n<p dir=\"ltr\">Zweck: Durch Google Analytics wissen wir, wie Sie auf die Website gekommen sind und wie Sie die Website nutzen. Wir verwenden diese Statistiken, um die Website kontinuierlich zu verbessern und Ihnen die bestm\u00f6gliche Erfahrung auf unserer Website zu bieten. Dieser Cookie stammt von Google und wird maximal 26 Monate lang gespeichert.<\/p>\n<p dir=\"ltr\">Weitere Informationen: <a href=\"http:\/\/www.google.com\/policies\/privacy\/\" target=\"_blank\" rel=\"noopener noreferrer\">http:\/\/www.google.com\/policies\/privacy\/<\/a><\/p>\n<h2>Mit wem wir Ihre Daten teilen<\/h2>\n<p>Um die von Ihnen gew\u00fcnschten Informationen zug\u00e4nglich zu machen, arbeiten wir mit Dritten zusammen. Denken Sie an einen Website-Administrator, einen Hosting-Partner, eine automatische Telefonverbindung, ein Newsletter-System und eine Verwaltungssoftware. Mit allen Beteiligten wurde eine so genannte Verarbeitervereinbarung geschlossen. Durch diese Vereinbarung wird unter anderem die Sicherheit und rechtzeitige L\u00f6schung Ihrer personenbezogenen Daten gew\u00e4hrleistet.<\/p>\n<h2>Wie lange wir Ihre Daten aufbewahren<\/h2>\n<p>Wenn Sie einen Kommentar hinterlassen, werden dieser Kommentar und die Metadaten des Kommentars f\u00fcr immer gespeichert. Auf diese Weise k\u00f6nnen wir Folgekommentare automatisch erkennen und genehmigen, ohne sie moderieren zu m\u00fcssen.<\/p>\n<p>Bei Nutzern, die sich auf unserer Website registrieren (falls vorhanden), speichern wir auch die pers\u00f6nlichen Daten, die sie in ihrem Nutzerprofil angeben. Alle Nutzer k\u00f6nnen ihre pers\u00f6nlichen Daten jederzeit einsehen, bearbeiten oder l\u00f6schen (au\u00dfer dass sie ihren Benutzernamen nicht \u00e4ndern k\u00f6nnen). Auch Website-Administratoren k\u00f6nnen diese Informationen einsehen und bearbeiten.<\/p>\n<p>Die Sicherheitsprotokolle werden 60 Tage lang aufbewahrt.<\/p>\n<h2>Welche Rechte Sie an Ihren Daten haben<\/h2>\n<p>Wenn Sie ein Konto auf dieser Website haben oder Kommentare hinterlassen haben, k\u00f6nnen Sie eine Exportdatei Ihrer pers\u00f6nlichen Daten anfordern, die wir \u00fcber Sie gespeichert haben, einschlie\u00dflich aller Daten, die Sie uns gegeben haben. Sie k\u00f6nnen auch verlangen, dass wir die \u00fcber Sie gespeicherten personenbezogenen Daten l\u00f6schen. Davon ausgenommen sind Daten, die wir aus administrativen, rechtlichen oder sicherheitstechnischen Gr\u00fcnden aufbewahren m\u00fcssen.<\/p>\n<h2>Wohin wir Ihre Daten senden<\/h2>\n<p>Diese Seite wird vom iThemes Site Scanner auf potentielle Malware und Schwachstellen gescannt. Wir senden keine pers\u00f6nlichen Informationen an den Scanner; allerdings k\u00f6nnte der Scanner w\u00e4hrend des Scannens pers\u00f6nliche Informationen finden, die \u00f6ffentlich gepostet wurden (z. B. in Kommentaren).<\/p>\n<h2>Zus\u00e4tzliche Informationen<\/h2>\n<h3>Wie wir Ihre Daten sch\u00fctzen<\/h3>\n<p>Ihre pers\u00f6nlichen Daten sind sicher. Die anvertrauten Daten werden durch technische und administrative Sicherheitsma\u00dfnahmen gesichert, um das Risiko von Verlust, Missbrauch, unbefugtem Zugriff, Offenlegung und \u00c4nderung zu minimieren. Dazu k\u00f6nnten Firewalls, Datenverschl\u00fcsselung, sichere Verbindungen sowie physische und administrative Zugangskontrollen zu den Daten und Servern geh\u00f6ren.<\/p>\n","protected":false},"excerpt":{"rendered":"<p>Dies ist die Datenschutzerkl\u00e4rung von: Camping Drei Spatzen an der Adresse Im krahnen 21, 54675 in Utscheid. Bei Fragen oder zur Kontaktaufnahme senden Sie bitte eine E-Mail an info@camping-dreispatzen.eu . Welche pers\u00f6nlichen Daten wir sammeln und warum wir sie sammeln Kommentare Wenn Besucher Kommentare auf der Website hinterlassen, erfassen wir die im Kommentarformular angezeigten Daten, [&hellip;]<\/p>\n","protected":false},"author":1,"featured_media":2523,"parent":0,"menu_order":0,"comment_status":"closed","ping_status":"closed","template":"","meta":{"footnotes":""},"class_list":["post-3848","page","type-page","status-publish","has-post-thumbnail","hentry"],"yoast_head":"<!-- This site is optimized with the Yoast SEO plugin v27.6 - https:\/\/yoast.com\/product\/yoast-seo-wordpress\/ -->\n<title>Datenschutzbestimmungen - Camping Drei Spatzen<\/title>\n<meta name=\"robots\" content=\"noindex, follow\" \/>\n<meta property=\"og:locale\" content=\"de_DE\" \/>\n<meta property=\"og:type\" content=\"article\" \/>\n<meta property=\"og:title\" content=\"Datenschutzbestimmungen - Camping Drei Spatzen\" \/>\n<meta property=\"og:description\" content=\"Dies ist die Datenschutzerkl\u00e4rung von: Camping Drei Spatzen an der Adresse Im krahnen 21, 54675 in Utscheid. Bei Fragen oder zur Kontaktaufnahme senden Sie bitte eine E-Mail an info@camping-dreispatzen.eu . Welche pers\u00f6nlichen Daten wir sammeln und warum wir sie sammeln Kommentare Wenn Besucher Kommentare auf der Website hinterlassen, erfassen wir die im Kommentarformular angezeigten Daten, [&hellip;]\" \/>\n<meta property=\"og:url\" content=\"https:\/\/camping-dreispatzen.eu\/de\/datenschutzbestimmungen\/\" \/>\n<meta property=\"og:site_name\" content=\"Camping Drei Spatzen\" \/>\n<meta property=\"article:modified_time\" content=\"2023-06-09T12:13:31+00:00\" \/>\n<meta property=\"og:image\" content=\"https:\/\/camping-dreispatzen.eu\/wp-content\/uploads\/2023\/01\/Camping-Drei-Spatzen-scaled.jpg\" \/>\n\t<meta property=\"og:image:width\" content=\"2560\" \/>\n\t<meta property=\"og:image:height\" content=\"1211\" \/>\n\t<meta property=\"og:image:type\" content=\"image\/jpeg\" \/>\n<meta name=\"twitter:card\" content=\"summary_large_image\" \/>\n<script type=\"application\/ld+json\" class=\"yoast-schema-graph\">{\"@context\":\"https:\\\/\\\/schema.org\",\"@graph\":[{\"@type\":\"WebPage\",\"@id\":\"https:\\\/\\\/camping-dreispatzen.eu\\\/de\\\/datenschutzbestimmungen\\\/\",\"url\":\"https:\\\/\\\/camping-dreispatzen.eu\\\/de\\\/datenschutzbestimmungen\\\/\",\"name\":\"Datenschutzbestimmungen - Camping Drei Spatzen\",\"isPartOf\":{\"@id\":\"https:\\\/\\\/camping-dreispatzen.eu\\\/de\\\/#website\"},\"primaryImageOfPage\":{\"@id\":\"https:\\\/\\\/camping-dreispatzen.eu\\\/de\\\/datenschutzbestimmungen\\\/#primaryimage\"},\"image\":{\"@id\":\"https:\\\/\\\/camping-dreispatzen.eu\\\/de\\\/datenschutzbestimmungen\\\/#primaryimage\"},\"thumbnailUrl\":\"https:\\\/\\\/camping-dreispatzen.eu\\\/wp-content\\\/uploads\\\/2023\\\/01\\\/Camping-Drei-Spatzen-scaled.jpg\",\"datePublished\":\"2020-10-21T07:36:29+00:00\",\"dateModified\":\"2023-06-09T12:13:31+00:00\",\"breadcrumb\":{\"@id\":\"https:\\\/\\\/camping-dreispatzen.eu\\\/de\\\/datenschutzbestimmungen\\\/#breadcrumb\"},\"inLanguage\":\"de\",\"potentialAction\":[{\"@type\":\"ReadAction\",\"target\":[\"https:\\\/\\\/camping-dreispatzen.eu\\\/de\\\/datenschutzbestimmungen\\\/\"]}]},{\"@type\":\"ImageObject\",\"inLanguage\":\"de\",\"@id\":\"https:\\\/\\\/camping-dreispatzen.eu\\\/de\\\/datenschutzbestimmungen\\\/#primaryimage\",\"url\":\"https:\\\/\\\/camping-dreispatzen.eu\\\/wp-content\\\/uploads\\\/2023\\\/01\\\/Camping-Drei-Spatzen-scaled.jpg\",\"contentUrl\":\"https:\\\/\\\/camping-dreispatzen.eu\\\/wp-content\\\/uploads\\\/2023\\\/01\\\/Camping-Drei-Spatzen-scaled.jpg\",\"width\":2560,\"height\":1211},{\"@type\":\"BreadcrumbList\",\"@id\":\"https:\\\/\\\/camping-dreispatzen.eu\\\/de\\\/datenschutzbestimmungen\\\/#breadcrumb\",\"itemListElement\":[{\"@type\":\"ListItem\",\"position\":1,\"name\":\"Home\",\"item\":\"https:\\\/\\\/camping-dreispatzen.eu\\\/de\\\/startseite\\\/\"},{\"@type\":\"ListItem\",\"position\":2,\"name\":\"Datenschutzbestimmungen\"}]},{\"@type\":\"WebSite\",\"@id\":\"https:\\\/\\\/camping-dreispatzen.eu\\\/de\\\/#website\",\"url\":\"https:\\\/\\\/camping-dreispatzen.eu\\\/de\\\/\",\"name\":\"Camping Drei Spatzen\",\"description\":\"Kamperen  in de bosrijke Eifel\",\"publisher\":{\"@id\":\"https:\\\/\\\/camping-dreispatzen.eu\\\/de\\\/#organization\"},\"potentialAction\":[{\"@type\":\"SearchAction\",\"target\":{\"@type\":\"EntryPoint\",\"urlTemplate\":\"https:\\\/\\\/camping-dreispatzen.eu\\\/de\\\/?s={search_term_string}\"},\"query-input\":{\"@type\":\"PropertyValueSpecification\",\"valueRequired\":true,\"valueName\":\"search_term_string\"}}],\"inLanguage\":\"de\"},{\"@type\":\"Organization\",\"@id\":\"https:\\\/\\\/camping-dreispatzen.eu\\\/de\\\/#organization\",\"name\":\"Camping Drei Spatzen\",\"url\":\"https:\\\/\\\/camping-dreispatzen.eu\\\/de\\\/\",\"logo\":{\"@type\":\"ImageObject\",\"inLanguage\":\"de\",\"@id\":\"https:\\\/\\\/camping-dreispatzen.eu\\\/de\\\/#\\\/schema\\\/logo\\\/image\\\/\",\"url\":\"https:\\\/\\\/camping-dreispatzen.eu\\\/wp-content\\\/uploads\\\/2020\\\/10\\\/Camping-drei-Spatzen.png\",\"contentUrl\":\"https:\\\/\\\/camping-dreispatzen.eu\\\/wp-content\\\/uploads\\\/2020\\\/10\\\/Camping-drei-Spatzen.png\",\"width\":2560,\"height\":2362,\"caption\":\"Camping Drei Spatzen\"},\"image\":{\"@id\":\"https:\\\/\\\/camping-dreispatzen.eu\\\/de\\\/#\\\/schema\\\/logo\\\/image\\\/\"}}]}<\/script>\n<!-- \/ Yoast SEO plugin. -->","yoast_head_json":{"title":"Datenschutzbestimmungen - Camping Drei Spatzen","robots":{"index":"noindex","follow":"follow"},"og_locale":"de_DE","og_type":"article","og_title":"Datenschutzbestimmungen - Camping Drei Spatzen","og_description":"Dies ist die Datenschutzerkl\u00e4rung von: Camping Drei Spatzen an der Adresse Im krahnen 21, 54675 in Utscheid. Bei Fragen oder zur Kontaktaufnahme senden Sie bitte eine E-Mail an info@camping-dreispatzen.eu . Welche pers\u00f6nlichen Daten wir sammeln und warum wir sie sammeln Kommentare Wenn Besucher Kommentare auf der Website hinterlassen, erfassen wir die im Kommentarformular angezeigten Daten, [&hellip;]","og_url":"https:\/\/camping-dreispatzen.eu\/de\/datenschutzbestimmungen\/","og_site_name":"Camping Drei Spatzen","article_modified_time":"2023-06-09T12:13:31+00:00","og_image":[{"width":2560,"height":1211,"url":"https:\/\/camping-dreispatzen.eu\/wp-content\/uploads\/2023\/01\/Camping-Drei-Spatzen-scaled.jpg","type":"image\/jpeg"}],"twitter_card":"summary_large_image","schema":{"@context":"https:\/\/schema.org","@graph":[{"@type":"WebPage","@id":"https:\/\/camping-dreispatzen.eu\/de\/datenschutzbestimmungen\/","url":"https:\/\/camping-dreispatzen.eu\/de\/datenschutzbestimmungen\/","name":"Datenschutzbestimmungen - Camping Drei Spatzen","isPartOf":{"@id":"https:\/\/camping-dreispatzen.eu\/de\/#website"},"primaryImageOfPage":{"@id":"https:\/\/camping-dreispatzen.eu\/de\/datenschutzbestimmungen\/#primaryimage"},"image":{"@id":"https:\/\/camping-dreispatzen.eu\/de\/datenschutzbestimmungen\/#primaryimage"},"thumbnailUrl":"https:\/\/camping-dreispatzen.eu\/wp-content\/uploads\/2023\/01\/Camping-Drei-Spatzen-scaled.jpg","datePublished":"2020-10-21T07:36:29+00:00","dateModified":"2023-06-09T12:13:31+00:00","breadcrumb":{"@id":"https:\/\/camping-dreispatzen.eu\/de\/datenschutzbestimmungen\/#breadcrumb"},"inLanguage":"de","potentialAction":[{"@type":"ReadAction","target":["https:\/\/camping-dreispatzen.eu\/de\/datenschutzbestimmungen\/"]}]},{"@type":"ImageObject","inLanguage":"de","@id":"https:\/\/camping-dreispatzen.eu\/de\/datenschutzbestimmungen\/#primaryimage","url":"https:\/\/camping-dreispatzen.eu\/wp-content\/uploads\/2023\/01\/Camping-Drei-Spatzen-scaled.jpg","contentUrl":"https:\/\/camping-dreispatzen.eu\/wp-content\/uploads\/2023\/01\/Camping-Drei-Spatzen-scaled.jpg","width":2560,"height":1211},{"@type":"BreadcrumbList","@id":"https:\/\/camping-dreispatzen.eu\/de\/datenschutzbestimmungen\/#breadcrumb","itemListElement":[{"@type":"ListItem","position":1,"name":"Home","item":"https:\/\/camping-dreispatzen.eu\/de\/startseite\/"},{"@type":"ListItem","position":2,"name":"Datenschutzbestimmungen"}]},{"@type":"WebSite","@id":"https:\/\/camping-dreispatzen.eu\/de\/#website","url":"https:\/\/camping-dreispatzen.eu\/de\/","name":"Camping Drei Spatzen","description":"Kamperen  in de bosrijke Eifel","publisher":{"@id":"https:\/\/camping-dreispatzen.eu\/de\/#organization"},"potentialAction":[{"@type":"SearchAction","target":{"@type":"EntryPoint","urlTemplate":"https:\/\/camping-dreispatzen.eu\/de\/?s={search_term_string}"},"query-input":{"@type":"PropertyValueSpecification","valueRequired":true,"valueName":"search_term_string"}}],"inLanguage":"de"},{"@type":"Organization","@id":"https:\/\/camping-dreispatzen.eu\/de\/#organization","name":"Camping Drei Spatzen","url":"https:\/\/camping-dreispatzen.eu\/de\/","logo":{"@type":"ImageObject","inLanguage":"de","@id":"https:\/\/camping-dreispatzen.eu\/de\/#\/schema\/logo\/image\/","url":"https:\/\/camping-dreispatzen.eu\/wp-content\/uploads\/2020\/10\/Camping-drei-Spatzen.png","contentUrl":"https:\/\/camping-dreispatzen.eu\/wp-content\/uploads\/2020\/10\/Camping-drei-Spatzen.png","width":2560,"height":2362,"caption":"Camping Drei Spatzen"},"image":{"@id":"https:\/\/camping-dreispatzen.eu\/de\/#\/schema\/logo\/image\/"}}]}},"_links":{"self":[{"href":"https:\/\/camping-dreispatzen.eu\/de\/wp-json\/wp\/v2\/pages\/3848","targetHints":{"allow":["GET"]}}],"collection":[{"href":"https:\/\/camping-dreispatzen.eu\/de\/wp-json\/wp\/v2\/pages"}],"about":[{"href":"https:\/\/camping-dreispatzen.eu\/de\/wp-json\/wp\/v2\/types\/page"}],"author":[{"embeddable":true,"href":"https:\/\/camping-dreispatzen.eu\/de\/wp-json\/wp\/v2\/users\/1"}],"replies":[{"embeddable":true,"href":"https:\/\/camping-dreispatzen.eu\/de\/wp-json\/wp\/v2\/comments?post=3848"}],"version-history":[{"count":0,"href":"https:\/\/camping-dreispatzen.eu\/de\/wp-json\/wp\/v2\/pages\/3848\/revisions"}],"wp:featuredmedia":[{"embeddable":true,"href":"https:\/\/camping-dreispatzen.eu\/de\/wp-json\/wp\/v2\/media\/2523"}],"wp:attachment":[{"href":"https:\/\/camping-dreispatzen.eu\/de\/wp-json\/wp\/v2\/media?parent=3848"}],"curies":[{"name":"wp","href":"https:\/\/api.w.org\/{rel}","templated":true}]}}