{"id":3741,"date":"2023-01-23T13:13:50","date_gmt":"2023-01-23T13:13:50","guid":{"rendered":"https:\/\/camping-dreispatzen.eu\/umgebung-des-campingplatzes-drei-spatzen\/"},"modified":"2023-05-22T08:44:18","modified_gmt":"2023-05-22T08:44:18","slug":"umgebung-des-campingplatzes-drei-spatzen","status":"publish","type":"page","link":"https:\/\/camping-dreispatzen.eu\/de\/umgebung-des-campingplatzes-drei-spatzen\/","title":{"rendered":"Umgebung des Campingplatzes Drei Spatzen"},"content":{"rendered":"<h3 class=\"center subtitle white\">Mehr als 80 Attraktionen und Sehensw\u00fcrdigkeiten im Umkreis von 30 Kilometern<\/h3>\n<p>In der Region gibt es eine Menge zu sehen, zu tun und zu erleben. Es ist eigentlich zu viel, um es zu erw\u00e4hnen. Deshalb haben wir eine Auswahl von mehr als 80 Attraktionen und Sehensw\u00fcrdigkeiten im Umkreis von 30 Kilometern um den Campingplatz (und ein paar dar\u00fcber hinaus) getroffen. Kurzum: f\u00fcr jeden etwas!<\/p>\n","protected":false},"excerpt":{"rendered":"<p>Mehr als 80 Attraktionen und Sehensw\u00fcrdigkeiten im Umkreis von 30 Kilometern In der Region gibt es eine Menge zu sehen, zu tun und zu erleben. Es ist eigentlich zu viel, um es zu erw\u00e4hnen. Deshalb haben wir eine Auswahl von mehr als 80 Attraktionen und Sehensw\u00fcrdigkeiten im Umkreis von 30 Kilometern um den Campingplatz (und [&hellip;]<\/p>\n","protected":false},"author":1,"featured_media":2523,"parent":0,"menu_order":0,"comment_status":"closed","ping_status":"closed","template":"","meta":{"footnotes":""},"class_list":["post-3741","page","type-page","status-publish","has-post-thumbnail","hentry"],"yoast_head":"<!-- This site is optimized with the Yoast SEO plugin v27.4 - https:\/\/yoast.com\/product\/yoast-seo-wordpress\/ -->\n<title>Umgebung des Campingplatzes Drei Spatzen - Camping Drei Spatzen<\/title>\n<meta name=\"robots\" content=\"index, follow, max-snippet:-1, max-image-preview:large, max-video-preview:-1\" \/>\n<link rel=\"canonical\" href=\"https:\/\/camping-dreispatzen.eu\/de\/umgebung-des-campingplatzes-drei-spatzen\/\" \/>\n<meta property=\"og:locale\" content=\"de_DE\" \/>\n<meta property=\"og:type\" content=\"article\" \/>\n<meta property=\"og:title\" content=\"Umgebung des Campingplatzes Drei Spatzen - Camping Drei Spatzen\" \/>\n<meta property=\"og:description\" content=\"Mehr als 80 Attraktionen und Sehensw\u00fcrdigkeiten im Umkreis von 30 Kilometern In der Region gibt es eine Menge zu sehen, zu tun und zu erleben. Es ist eigentlich zu viel, um es zu erw\u00e4hnen. Deshalb haben wir eine Auswahl von mehr als 80 Attraktionen und Sehensw\u00fcrdigkeiten im Umkreis von 30 Kilometern um den Campingplatz (und [&hellip;]\" \/>\n<meta property=\"og:url\" content=\"https:\/\/camping-dreispatzen.eu\/de\/umgebung-des-campingplatzes-drei-spatzen\/\" \/>\n<meta property=\"og:site_name\" content=\"Camping Drei Spatzen\" \/>\n<meta property=\"article:modified_time\" content=\"2023-05-22T08:44:18+00:00\" \/>\n<meta property=\"og:image\" content=\"https:\/\/camping-dreispatzen.eu\/wp-content\/uploads\/2023\/01\/Camping-Drei-Spatzen-scaled.jpg\" \/>\n\t<meta property=\"og:image:width\" content=\"2560\" \/>\n\t<meta property=\"og:image:height\" content=\"1211\" \/>\n\t<meta property=\"og:image:type\" content=\"image\/jpeg\" \/>\n<meta name=\"twitter:card\" content=\"summary_large_image\" \/>\n<script type=\"application\/ld+json\" class=\"yoast-schema-graph\">{\"@context\":\"https:\\\/\\\/schema.org\",\"@graph\":[{\"@type\":\"WebPage\",\"@id\":\"https:\\\/\\\/camping-dreispatzen.eu\\\/de\\\/umgebung-des-campingplatzes-drei-spatzen\\\/\",\"url\":\"https:\\\/\\\/camping-dreispatzen.eu\\\/de\\\/umgebung-des-campingplatzes-drei-spatzen\\\/\",\"name\":\"Umgebung des Campingplatzes Drei Spatzen - Camping Drei Spatzen\",\"isPartOf\":{\"@id\":\"https:\\\/\\\/camping-dreispatzen.eu\\\/de\\\/#website\"},\"primaryImageOfPage\":{\"@id\":\"https:\\\/\\\/camping-dreispatzen.eu\\\/de\\\/umgebung-des-campingplatzes-drei-spatzen\\\/#primaryimage\"},\"image\":{\"@id\":\"https:\\\/\\\/camping-dreispatzen.eu\\\/de\\\/umgebung-des-campingplatzes-drei-spatzen\\\/#primaryimage\"},\"thumbnailUrl\":\"https:\\\/\\\/camping-dreispatzen.eu\\\/wp-content\\\/uploads\\\/2023\\\/01\\\/Camping-Drei-Spatzen-scaled.jpg\",\"datePublished\":\"2023-01-23T13:13:50+00:00\",\"dateModified\":\"2023-05-22T08:44:18+00:00\",\"breadcrumb\":{\"@id\":\"https:\\\/\\\/camping-dreispatzen.eu\\\/de\\\/umgebung-des-campingplatzes-drei-spatzen\\\/#breadcrumb\"},\"inLanguage\":\"de\",\"potentialAction\":[{\"@type\":\"ReadAction\",\"target\":[\"https:\\\/\\\/camping-dreispatzen.eu\\\/de\\\/umgebung-des-campingplatzes-drei-spatzen\\\/\"]}]},{\"@type\":\"ImageObject\",\"inLanguage\":\"de\",\"@id\":\"https:\\\/\\\/camping-dreispatzen.eu\\\/de\\\/umgebung-des-campingplatzes-drei-spatzen\\\/#primaryimage\",\"url\":\"https:\\\/\\\/camping-dreispatzen.eu\\\/wp-content\\\/uploads\\\/2023\\\/01\\\/Camping-Drei-Spatzen-scaled.jpg\",\"contentUrl\":\"https:\\\/\\\/camping-dreispatzen.eu\\\/wp-content\\\/uploads\\\/2023\\\/01\\\/Camping-Drei-Spatzen-scaled.jpg\",\"width\":2560,\"height\":1211},{\"@type\":\"BreadcrumbList\",\"@id\":\"https:\\\/\\\/camping-dreispatzen.eu\\\/de\\\/umgebung-des-campingplatzes-drei-spatzen\\\/#breadcrumb\",\"itemListElement\":[{\"@type\":\"ListItem\",\"position\":1,\"name\":\"Home\",\"item\":\"https:\\\/\\\/camping-dreispatzen.eu\\\/de\\\/startseite\\\/\"},{\"@type\":\"ListItem\",\"position\":2,\"name\":\"Umgebung des Campingplatzes Drei Spatzen\"}]},{\"@type\":\"WebSite\",\"@id\":\"https:\\\/\\\/camping-dreispatzen.eu\\\/de\\\/#website\",\"url\":\"https:\\\/\\\/camping-dreispatzen.eu\\\/de\\\/\",\"name\":\"Camping Drei Spatzen\",\"description\":\"Kamperen  in de bosrijke Eifel\",\"publisher\":{\"@id\":\"https:\\\/\\\/camping-dreispatzen.eu\\\/de\\\/#organization\"},\"potentialAction\":[{\"@type\":\"SearchAction\",\"target\":{\"@type\":\"EntryPoint\",\"urlTemplate\":\"https:\\\/\\\/camping-dreispatzen.eu\\\/de\\\/?s={search_term_string}\"},\"query-input\":{\"@type\":\"PropertyValueSpecification\",\"valueRequired\":true,\"valueName\":\"search_term_string\"}}],\"inLanguage\":\"de\"},{\"@type\":\"Organization\",\"@id\":\"https:\\\/\\\/camping-dreispatzen.eu\\\/de\\\/#organization\",\"name\":\"Camping Drei Spatzen\",\"url\":\"https:\\\/\\\/camping-dreispatzen.eu\\\/de\\\/\",\"logo\":{\"@type\":\"ImageObject\",\"inLanguage\":\"de\",\"@id\":\"https:\\\/\\\/camping-dreispatzen.eu\\\/de\\\/#\\\/schema\\\/logo\\\/image\\\/\",\"url\":\"https:\\\/\\\/camping-dreispatzen.eu\\\/wp-content\\\/uploads\\\/2020\\\/10\\\/Camping-drei-Spatzen.png\",\"contentUrl\":\"https:\\\/\\\/camping-dreispatzen.eu\\\/wp-content\\\/uploads\\\/2020\\\/10\\\/Camping-drei-Spatzen.png\",\"width\":2560,\"height\":2362,\"caption\":\"Camping Drei Spatzen\"},\"image\":{\"@id\":\"https:\\\/\\\/camping-dreispatzen.eu\\\/de\\\/#\\\/schema\\\/logo\\\/image\\\/\"}}]}<\/script>\n<!-- \/ Yoast SEO plugin. -->","yoast_head_json":{"title":"Umgebung des Campingplatzes Drei Spatzen - Camping Drei Spatzen","robots":{"index":"index","follow":"follow","max-snippet":"max-snippet:-1","max-image-preview":"max-image-preview:large","max-video-preview":"max-video-preview:-1"},"canonical":"https:\/\/camping-dreispatzen.eu\/de\/umgebung-des-campingplatzes-drei-spatzen\/","og_locale":"de_DE","og_type":"article","og_title":"Umgebung des Campingplatzes Drei Spatzen - Camping Drei Spatzen","og_description":"Mehr als 80 Attraktionen und Sehensw\u00fcrdigkeiten im Umkreis von 30 Kilometern In der Region gibt es eine Menge zu sehen, zu tun und zu erleben. Es ist eigentlich zu viel, um es zu erw\u00e4hnen. Deshalb haben wir eine Auswahl von mehr als 80 Attraktionen und Sehensw\u00fcrdigkeiten im Umkreis von 30 Kilometern um den Campingplatz (und [&hellip;]","og_url":"https:\/\/camping-dreispatzen.eu\/de\/umgebung-des-campingplatzes-drei-spatzen\/","og_site_name":"Camping Drei Spatzen","article_modified_time":"2023-05-22T08:44:18+00:00","og_image":[{"width":2560,"height":1211,"url":"https:\/\/camping-dreispatzen.eu\/wp-content\/uploads\/2023\/01\/Camping-Drei-Spatzen-scaled.jpg","type":"image\/jpeg"}],"twitter_card":"summary_large_image","schema":{"@context":"https:\/\/schema.org","@graph":[{"@type":"WebPage","@id":"https:\/\/camping-dreispatzen.eu\/de\/umgebung-des-campingplatzes-drei-spatzen\/","url":"https:\/\/camping-dreispatzen.eu\/de\/umgebung-des-campingplatzes-drei-spatzen\/","name":"Umgebung des Campingplatzes Drei Spatzen - Camping Drei Spatzen","isPartOf":{"@id":"https:\/\/camping-dreispatzen.eu\/de\/#website"},"primaryImageOfPage":{"@id":"https:\/\/camping-dreispatzen.eu\/de\/umgebung-des-campingplatzes-drei-spatzen\/#primaryimage"},"image":{"@id":"https:\/\/camping-dreispatzen.eu\/de\/umgebung-des-campingplatzes-drei-spatzen\/#primaryimage"},"thumbnailUrl":"https:\/\/camping-dreispatzen.eu\/wp-content\/uploads\/2023\/01\/Camping-Drei-Spatzen-scaled.jpg","datePublished":"2023-01-23T13:13:50+00:00","dateModified":"2023-05-22T08:44:18+00:00","breadcrumb":{"@id":"https:\/\/camping-dreispatzen.eu\/de\/umgebung-des-campingplatzes-drei-spatzen\/#breadcrumb"},"inLanguage":"de","potentialAction":[{"@type":"ReadAction","target":["https:\/\/camping-dreispatzen.eu\/de\/umgebung-des-campingplatzes-drei-spatzen\/"]}]},{"@type":"ImageObject","inLanguage":"de","@id":"https:\/\/camping-dreispatzen.eu\/de\/umgebung-des-campingplatzes-drei-spatzen\/#primaryimage","url":"https:\/\/camping-dreispatzen.eu\/wp-content\/uploads\/2023\/01\/Camping-Drei-Spatzen-scaled.jpg","contentUrl":"https:\/\/camping-dreispatzen.eu\/wp-content\/uploads\/2023\/01\/Camping-Drei-Spatzen-scaled.jpg","width":2560,"height":1211},{"@type":"BreadcrumbList","@id":"https:\/\/camping-dreispatzen.eu\/de\/umgebung-des-campingplatzes-drei-spatzen\/#breadcrumb","itemListElement":[{"@type":"ListItem","position":1,"name":"Home","item":"https:\/\/camping-dreispatzen.eu\/de\/startseite\/"},{"@type":"ListItem","position":2,"name":"Umgebung des Campingplatzes Drei Spatzen"}]},{"@type":"WebSite","@id":"https:\/\/camping-dreispatzen.eu\/de\/#website","url":"https:\/\/camping-dreispatzen.eu\/de\/","name":"Camping Drei Spatzen","description":"Kamperen  in de bosrijke Eifel","publisher":{"@id":"https:\/\/camping-dreispatzen.eu\/de\/#organization"},"potentialAction":[{"@type":"SearchAction","target":{"@type":"EntryPoint","urlTemplate":"https:\/\/camping-dreispatzen.eu\/de\/?s={search_term_string}"},"query-input":{"@type":"PropertyValueSpecification","valueRequired":true,"valueName":"search_term_string"}}],"inLanguage":"de"},{"@type":"Organization","@id":"https:\/\/camping-dreispatzen.eu\/de\/#organization","name":"Camping Drei Spatzen","url":"https:\/\/camping-dreispatzen.eu\/de\/","logo":{"@type":"ImageObject","inLanguage":"de","@id":"https:\/\/camping-dreispatzen.eu\/de\/#\/schema\/logo\/image\/","url":"https:\/\/camping-dreispatzen.eu\/wp-content\/uploads\/2020\/10\/Camping-drei-Spatzen.png","contentUrl":"https:\/\/camping-dreispatzen.eu\/wp-content\/uploads\/2020\/10\/Camping-drei-Spatzen.png","width":2560,"height":2362,"caption":"Camping Drei Spatzen"},"image":{"@id":"https:\/\/camping-dreispatzen.eu\/de\/#\/schema\/logo\/image\/"}}]}},"_links":{"self":[{"href":"https:\/\/camping-dreispatzen.eu\/de\/wp-json\/wp\/v2\/pages\/3741","targetHints":{"allow":["GET"]}}],"collection":[{"href":"https:\/\/camping-dreispatzen.eu\/de\/wp-json\/wp\/v2\/pages"}],"about":[{"href":"https:\/\/camping-dreispatzen.eu\/de\/wp-json\/wp\/v2\/types\/page"}],"author":[{"embeddable":true,"href":"https:\/\/camping-dreispatzen.eu\/de\/wp-json\/wp\/v2\/users\/1"}],"replies":[{"embeddable":true,"href":"https:\/\/camping-dreispatzen.eu\/de\/wp-json\/wp\/v2\/comments?post=3741"}],"version-history":[{"count":0,"href":"https:\/\/camping-dreispatzen.eu\/de\/wp-json\/wp\/v2\/pages\/3741\/revisions"}],"wp:featuredmedia":[{"embeddable":true,"href":"https:\/\/camping-dreispatzen.eu\/de\/wp-json\/wp\/v2\/media\/2523"}],"wp:attachment":[{"href":"https:\/\/camping-dreispatzen.eu\/de\/wp-json\/wp\/v2\/media?parent=3741"}],"curies":[{"name":"wp","href":"https:\/\/api.w.org\/{rel}","templated":true}]}}