{"id":3720,"date":"2023-03-01T10:19:23","date_gmt":"2023-03-01T10:19:23","guid":{"rendered":"https:\/\/camping-dreispatzen.eu\/aktivitaeten\/"},"modified":"2023-05-23T13:34:55","modified_gmt":"2023-05-23T13:34:55","slug":"aktivitaeten","status":"publish","type":"page","link":"https:\/\/camping-dreispatzen.eu\/de\/aktivitaeten\/","title":{"rendered":"Aktivit\u00e4ten"},"content":{"rendered":"\t\t<div data-elementor-type=\"wp-page\" data-elementor-id=\"3720\" class=\"elementor elementor-3720 elementor-3032\" data-elementor-post-type=\"page\">\n\t\t\t\t\t\t<section class=\"elementor-section elementor-top-section elementor-element elementor-element-3bb4ec5 elementor-section-boxed elementor-section-height-default elementor-section-height-default\" data-id=\"3bb4ec5\" data-element_type=\"section\" data-e-type=\"section\" data-settings=\"{&quot;jet_parallax_layout_list&quot;:[]}\">\n\t\t\t\t\t\t<div class=\"elementor-container elementor-column-gap-default\">\n\t\t\t\t\t<div class=\"elementor-column elementor-col-100 elementor-top-column elementor-element elementor-element-246e65d\" data-id=\"246e65d\" data-element_type=\"column\" data-e-type=\"column\">\n\t\t\t<div class=\"elementor-widget-wrap elementor-element-populated\">\n\t\t\t\t\t\t<div class=\"elementor-element elementor-element-86b9d95 elementor-widget elementor-widget-jet-listing-grid\" data-id=\"86b9d95\" data-element_type=\"widget\" data-e-type=\"widget\" data-settings=\"{&quot;columns&quot;:3}\" data-widget_type=\"jet-listing-grid.default\">\n\t\t\t\t<div class=\"elementor-widget-container\">\n\t\t\t\t\t<div class=\"jet-listing-grid jet-listing\"><div class=\"jet-listing-grid__items grid-col-desk-3 grid-col-tablet-3 grid-col-mobile-3 jet-listing-grid--3729\" data-queried-id=\"3720|WP_Post\" data-nav=\"{&quot;enabled&quot;:false,&quot;type&quot;:null,&quot;more_el&quot;:null,&quot;query&quot;:[],&quot;widget_settings&quot;:{&quot;lisitng_id&quot;:3729,&quot;posts_num&quot;:6,&quot;columns&quot;:3,&quot;columns_tablet&quot;:3,&quot;columns_mobile&quot;:3,&quot;column_min_width&quot;:240,&quot;column_min_width_tablet&quot;:240,&quot;column_min_width_mobile&quot;:240,&quot;inline_columns_css&quot;:false,&quot;is_archive_template&quot;:&quot;&quot;,&quot;post_status&quot;:[&quot;publish&quot;],&quot;use_random_posts_num&quot;:&quot;&quot;,&quot;max_posts_num&quot;:9,&quot;not_found_message&quot;:&quot;No surroundings found&quot;,&quot;is_masonry&quot;:false,&quot;equal_columns_height&quot;:&quot;&quot;,&quot;use_load_more&quot;:&quot;&quot;,&quot;load_more_id&quot;:&quot;&quot;,&quot;load_more_type&quot;:&quot;click&quot;,&quot;load_more_offset&quot;:{&quot;unit&quot;:&quot;px&quot;,&quot;size&quot;:0,&quot;sizes&quot;:[]},&quot;use_custom_post_types&quot;:&quot;&quot;,&quot;custom_post_types&quot;:[],&quot;hide_widget_if&quot;:&quot;&quot;,&quot;carousel_enabled&quot;:&quot;&quot;,&quot;slides_to_scroll&quot;:&quot;1&quot;,&quot;arrows&quot;:&quot;true&quot;,&quot;arrow_icon&quot;:&quot;fa fa-angle-left&quot;,&quot;dots&quot;:&quot;&quot;,&quot;autoplay&quot;:&quot;true&quot;,&quot;pause_on_hover&quot;:&quot;true&quot;,&quot;autoplay_speed&quot;:5000,&quot;infinite&quot;:&quot;true&quot;,&quot;center_mode&quot;:&quot;&quot;,&quot;effect&quot;:&quot;slide&quot;,&quot;speed&quot;:500,&quot;inject_alternative_items&quot;:&quot;&quot;,&quot;injection_items&quot;:[],&quot;scroll_slider_enabled&quot;:&quot;&quot;,&quot;scroll_slider_on&quot;:[&quot;desktop&quot;,&quot;tablet&quot;,&quot;mobile&quot;],&quot;custom_query&quot;:false,&quot;custom_query_id&quot;:&quot;&quot;,&quot;_element_id&quot;:&quot;&quot;,&quot;collapse_first_last_gap&quot;:false,&quot;list_tag_selection&quot;:&quot;&quot;,&quot;list_items_wrapper_tag&quot;:&quot;div&quot;,&quot;list_item_tag&quot;:&quot;div&quot;,&quot;empty_items_wrapper_tag&quot;:&quot;div&quot;}}\" data-page=\"1\" data-pages=\"1\" data-listing-source=\"posts\" data-listing-id=\"3729\" data-query-id=\"\"><div class=\"jet-listing-grid__item jet-listing-dynamic-post-3698\" data-post-id=\"3698\"  >\t\t<div data-elementor-type=\"jet-listing-items\" data-elementor-id=\"3732\" class=\"elementor elementor-3732 elementor-3034 elementor-3034\" data-elementor-post-type=\"jet-engine\">\n\t\t\t\t\t\t<section class=\"elementor-section elementor-top-section elementor-element elementor-element-cf0025b elementor-section-boxed elementor-section-height-default elementor-section-height-default\" data-id=\"cf0025b\" data-element_type=\"section\" data-e-type=\"section\" data-settings=\"{&quot;jet_parallax_layout_list&quot;:[]}\">\n\t\t\t\t\t\t<div class=\"elementor-container elementor-column-gap-default\">\n\t\t\t\t\t<div class=\"make-column-clickable-elementor elementor-column elementor-col-100 elementor-top-column elementor-element elementor-element-6b0620b\" style=\"cursor: pointer;\" data-column-clickable=\"https:\/\/camping-dreispatzen.eu\/de\/activiteiten\/fisch\/\" data-column-clickable-blank=\"_self\" data-id=\"6b0620b\" data-element_type=\"column\" data-e-type=\"column\" data-settings=\"{&quot;background_background&quot;:&quot;classic&quot;}\">\n\t\t\t<div class=\"elementor-widget-wrap elementor-element-populated\">\n\t\t\t\t\t\t<section class=\"elementor-section elementor-inner-section elementor-element elementor-element-77fe0f1 elementor-section-height-min-height elementor-section-boxed elementor-section-height-default\" data-id=\"77fe0f1\" data-element_type=\"section\" data-e-type=\"section\" data-settings=\"{&quot;jet_parallax_layout_list&quot;:[]}\">\n\t\t\t\t\t\t<div class=\"elementor-container elementor-column-gap-default\">\n\t\t\t\t\t<div class=\"make-column-clickable-elementor elementor-column elementor-col-100 elementor-inner-column elementor-element elementor-element-9a5bbd3\" style=\"cursor: pointer;\" data-column-clickable=\"https:\/\/camping-dreispatzen.eu\/de\/activiteiten\/fisch\/\" data-column-clickable-blank=\"_self\" data-id=\"9a5bbd3\" data-element_type=\"column\" data-e-type=\"column\">\n\t\t\t<div class=\"elementor-widget-wrap elementor-element-populated\">\n\t\t\t\t\t\t<div class=\"elementor-element elementor-element-c62ce0e elementor-widget elementor-widget-heading\" data-id=\"c62ce0e\" data-element_type=\"widget\" data-e-type=\"widget\" data-widget_type=\"heading.default\">\n\t\t\t\t<div class=\"elementor-widget-container\">\n\t\t\t\t\t<h2 class=\"elementor-heading-title elementor-size-default\">Fisch<\/h2>\t\t\t\t<\/div>\n\t\t\t\t<\/div>\n\t\t\t\t<div class=\"elementor-element elementor-element-87d82f6 elementor-widget elementor-widget-text-editor\" data-id=\"87d82f6\" data-element_type=\"widget\" data-e-type=\"widget\" data-widget_type=\"text-editor.default\">\n\t\t\t\t<div class=\"elementor-widget-container\">\n\t\t\t\t\t\t\t\t\tIn der Eifel finden Sie \u00fcberall kleine B\u00e4che und Fl\u00fcsse. Angeln wird daher viel betrieben!\t\t\t\t\t\t\t\t<\/div>\n\t\t\t\t<\/div>\n\t\t\t\t<div class=\"elementor-element elementor-element-6c5bd77 elementor-mobile-align-left elementor-widget-mobile__width-inherit elementor-align-left elementor-tablet-align-left elementor-widget elementor-widget-button\" data-id=\"6c5bd77\" data-element_type=\"widget\" data-e-type=\"widget\" data-widget_type=\"button.default\">\n\t\t\t\t<div class=\"elementor-widget-container\">\n\t\t\t\t\t\t\t\t\t<div class=\"elementor-button-wrapper\">\n\t\t\t\t\t<a class=\"elementor-button elementor-button-link elementor-size-sm\" href=\"https:\/\/camping-dreispatzen.eu\/de\/activiteiten\/fisch\/\">\n\t\t\t\t\t\t<span class=\"elementor-button-content-wrapper\">\n\t\t\t\t\t\t<span class=\"elementor-button-icon\">\n\t\t\t\t\t\t\t<\/span>\n\t\t\t\t\t\t\t\t\t<span class=\"elementor-button-text\">Weitere Informationen<\/span>\n\t\t\t\t\t<\/span>\n\t\t\t\t\t<\/a>\n\t\t\t\t<\/div>\n\t\t\t\t\t\t\t\t<\/div>\n\t\t\t\t<\/div>\n\t\t\t\t\t<\/div>\n\t\t<\/div>\n\t\t\t\t\t<\/div>\n\t\t<\/section>\n\t\t\t\t\t<\/div>\n\t\t<\/div>\n\t\t\t\t\t<\/div>\n\t\t<\/section>\n\t\t\t\t<\/div>\n\t\t<\/div><div class=\"jet-listing-grid__item jet-listing-dynamic-post-3705\" data-post-id=\"3705\"  >\t\t<div data-elementor-type=\"jet-listing-items\" data-elementor-id=\"3732\" class=\"elementor elementor-3732 elementor-3034 elementor-3034\" data-elementor-post-type=\"jet-engine\">\n\t\t\t\t\t\t<section class=\"elementor-section elementor-top-section elementor-element elementor-element-cf0025b elementor-section-boxed elementor-section-height-default elementor-section-height-default\" data-id=\"cf0025b\" data-element_type=\"section\" data-e-type=\"section\" data-settings=\"{&quot;jet_parallax_layout_list&quot;:[]}\">\n\t\t\t\t\t\t<div class=\"elementor-container elementor-column-gap-default\">\n\t\t\t\t\t<div class=\"make-column-clickable-elementor elementor-column elementor-col-100 elementor-top-column elementor-element elementor-element-6b0620b\" style=\"cursor: pointer;\" data-column-clickable=\"https:\/\/camping-dreispatzen.eu\/de\/activiteiten\/radfahren\/\" data-column-clickable-blank=\"_self\" data-id=\"6b0620b\" data-element_type=\"column\" data-e-type=\"column\" data-settings=\"{&quot;background_background&quot;:&quot;classic&quot;}\">\n\t\t\t<div class=\"elementor-widget-wrap elementor-element-populated\">\n\t\t\t\t\t\t<section class=\"elementor-section elementor-inner-section elementor-element elementor-element-77fe0f1 elementor-section-height-min-height elementor-section-boxed elementor-section-height-default\" data-id=\"77fe0f1\" data-element_type=\"section\" data-e-type=\"section\" data-settings=\"{&quot;jet_parallax_layout_list&quot;:[]}\">\n\t\t\t\t\t\t<div class=\"elementor-container elementor-column-gap-default\">\n\t\t\t\t\t<div class=\"make-column-clickable-elementor elementor-column elementor-col-100 elementor-inner-column elementor-element elementor-element-9a5bbd3\" style=\"cursor: pointer;\" data-column-clickable=\"https:\/\/camping-dreispatzen.eu\/de\/activiteiten\/radfahren\/\" data-column-clickable-blank=\"_self\" data-id=\"9a5bbd3\" data-element_type=\"column\" data-e-type=\"column\">\n\t\t\t<div class=\"elementor-widget-wrap elementor-element-populated\">\n\t\t\t\t\t\t<div class=\"elementor-element elementor-element-c62ce0e elementor-widget elementor-widget-heading\" data-id=\"c62ce0e\" data-element_type=\"widget\" data-e-type=\"widget\" data-widget_type=\"heading.default\">\n\t\t\t\t<div class=\"elementor-widget-container\">\n\t\t\t\t\t<h2 class=\"elementor-heading-title elementor-size-default\">Radfahren<\/h2>\t\t\t\t<\/div>\n\t\t\t\t<\/div>\n\t\t\t\t<div class=\"elementor-element elementor-element-87d82f6 elementor-widget elementor-widget-text-editor\" data-id=\"87d82f6\" data-element_type=\"widget\" data-e-type=\"widget\" data-widget_type=\"text-editor.default\">\n\t\t\t\t<div class=\"elementor-widget-container\">\n\t\t\t\t\t\t\t\t\tRadfahren in der Eifel ist fantastisch. In der Umgebung gibt es mehrere sch\u00f6ne Radwege, aber auch die kleinen Landstra\u00dfen lassen sich prima mit dem Fahrrad erkunden.\t\t\t\t\t\t\t\t<\/div>\n\t\t\t\t<\/div>\n\t\t\t\t<div class=\"elementor-element elementor-element-6c5bd77 elementor-mobile-align-left elementor-widget-mobile__width-inherit elementor-align-left elementor-tablet-align-left elementor-widget elementor-widget-button\" data-id=\"6c5bd77\" data-element_type=\"widget\" data-e-type=\"widget\" data-widget_type=\"button.default\">\n\t\t\t\t<div class=\"elementor-widget-container\">\n\t\t\t\t\t\t\t\t\t<div class=\"elementor-button-wrapper\">\n\t\t\t\t\t<a class=\"elementor-button elementor-button-link elementor-size-sm\" href=\"https:\/\/camping-dreispatzen.eu\/de\/activiteiten\/radfahren\/\">\n\t\t\t\t\t\t<span class=\"elementor-button-content-wrapper\">\n\t\t\t\t\t\t<span class=\"elementor-button-icon\">\n\t\t\t\t\t\t\t<\/span>\n\t\t\t\t\t\t\t\t\t<span class=\"elementor-button-text\">Weitere Informationen<\/span>\n\t\t\t\t\t<\/span>\n\t\t\t\t\t<\/a>\n\t\t\t\t<\/div>\n\t\t\t\t\t\t\t\t<\/div>\n\t\t\t\t<\/div>\n\t\t\t\t\t<\/div>\n\t\t<\/div>\n\t\t\t\t\t<\/div>\n\t\t<\/section>\n\t\t\t\t\t<\/div>\n\t\t<\/div>\n\t\t\t\t\t<\/div>\n\t\t<\/section>\n\t\t\t\t<\/div>\n\t\t<\/div><div class=\"jet-listing-grid__item jet-listing-dynamic-post-3709\" data-post-id=\"3709\"  >\t\t<div data-elementor-type=\"jet-listing-items\" data-elementor-id=\"3732\" class=\"elementor elementor-3732 elementor-3034 elementor-3034\" data-elementor-post-type=\"jet-engine\">\n\t\t\t\t\t\t<section class=\"elementor-section elementor-top-section elementor-element elementor-element-cf0025b elementor-section-boxed elementor-section-height-default elementor-section-height-default\" data-id=\"cf0025b\" data-element_type=\"section\" data-e-type=\"section\" data-settings=\"{&quot;jet_parallax_layout_list&quot;:[]}\">\n\t\t\t\t\t\t<div class=\"elementor-container elementor-column-gap-default\">\n\t\t\t\t\t<div class=\"make-column-clickable-elementor elementor-column elementor-col-100 elementor-top-column elementor-element elementor-element-6b0620b\" style=\"cursor: pointer;\" data-column-clickable=\"https:\/\/camping-dreispatzen.eu\/de\/activiteiten\/gehen\/\" data-column-clickable-blank=\"_self\" data-id=\"6b0620b\" data-element_type=\"column\" data-e-type=\"column\" data-settings=\"{&quot;background_background&quot;:&quot;classic&quot;}\">\n\t\t\t<div class=\"elementor-widget-wrap elementor-element-populated\">\n\t\t\t\t\t\t<section class=\"elementor-section elementor-inner-section elementor-element elementor-element-77fe0f1 elementor-section-height-min-height elementor-section-boxed elementor-section-height-default\" data-id=\"77fe0f1\" data-element_type=\"section\" data-e-type=\"section\" data-settings=\"{&quot;jet_parallax_layout_list&quot;:[]}\">\n\t\t\t\t\t\t<div class=\"elementor-container elementor-column-gap-default\">\n\t\t\t\t\t<div class=\"make-column-clickable-elementor elementor-column elementor-col-100 elementor-inner-column elementor-element elementor-element-9a5bbd3\" style=\"cursor: pointer;\" data-column-clickable=\"https:\/\/camping-dreispatzen.eu\/de\/activiteiten\/gehen\/\" data-column-clickable-blank=\"_self\" data-id=\"9a5bbd3\" data-element_type=\"column\" data-e-type=\"column\">\n\t\t\t<div class=\"elementor-widget-wrap elementor-element-populated\">\n\t\t\t\t\t\t<div class=\"elementor-element elementor-element-c62ce0e elementor-widget elementor-widget-heading\" data-id=\"c62ce0e\" data-element_type=\"widget\" data-e-type=\"widget\" data-widget_type=\"heading.default\">\n\t\t\t\t<div class=\"elementor-widget-container\">\n\t\t\t\t\t<h2 class=\"elementor-heading-title elementor-size-default\">Gehen<\/h2>\t\t\t\t<\/div>\n\t\t\t\t<\/div>\n\t\t\t\t<div class=\"elementor-element elementor-element-87d82f6 elementor-widget elementor-widget-text-editor\" data-id=\"87d82f6\" data-element_type=\"widget\" data-e-type=\"widget\" data-widget_type=\"text-editor.default\">\n\t\t\t\t<div class=\"elementor-widget-container\">\n\t\t\t\t\t\t\t\t\tFrom our campsite you can walk for hours and hours through the beautiful nature.\nAnd do you want something different? At a short distance, nature looks very different again!\t\t\t\t\t\t\t\t<\/div>\n\t\t\t\t<\/div>\n\t\t\t\t<div class=\"elementor-element elementor-element-6c5bd77 elementor-mobile-align-left elementor-widget-mobile__width-inherit elementor-align-left elementor-tablet-align-left elementor-widget elementor-widget-button\" data-id=\"6c5bd77\" data-element_type=\"widget\" data-e-type=\"widget\" data-widget_type=\"button.default\">\n\t\t\t\t<div class=\"elementor-widget-container\">\n\t\t\t\t\t\t\t\t\t<div class=\"elementor-button-wrapper\">\n\t\t\t\t\t<a class=\"elementor-button elementor-button-link elementor-size-sm\" href=\"https:\/\/camping-dreispatzen.eu\/de\/activiteiten\/gehen\/\">\n\t\t\t\t\t\t<span class=\"elementor-button-content-wrapper\">\n\t\t\t\t\t\t<span class=\"elementor-button-icon\">\n\t\t\t\t\t\t\t<\/span>\n\t\t\t\t\t\t\t\t\t<span class=\"elementor-button-text\">Weitere Informationen<\/span>\n\t\t\t\t\t<\/span>\n\t\t\t\t\t<\/a>\n\t\t\t\t<\/div>\n\t\t\t\t\t\t\t\t<\/div>\n\t\t\t\t<\/div>\n\t\t\t\t\t<\/div>\n\t\t<\/div>\n\t\t\t\t\t<\/div>\n\t\t<\/section>\n\t\t\t\t\t<\/div>\n\t\t<\/div>\n\t\t\t\t\t<\/div>\n\t\t<\/section>\n\t\t\t\t<\/div>\n\t\t<\/div><\/div><\/div>\t\t\t\t<\/div>\n\t\t\t\t<\/div>\n\t\t\t\t\t<\/div>\n\t\t<\/div>\n\t\t\t\t\t<\/div>\n\t\t<\/section>\n\t\t\t\t<\/div>\n\t\t","protected":false},"excerpt":{"rendered":"<p>Learn more Learn more Learn more<\/p>\n","protected":false},"author":1,"featured_media":2523,"parent":0,"menu_order":0,"comment_status":"closed","ping_status":"closed","template":"","meta":{"footnotes":""},"class_list":["post-3720","page","type-page","status-publish","has-post-thumbnail","hentry"],"yoast_head":"<!-- This site is optimized with the Yoast SEO plugin v27.6 - https:\/\/yoast.com\/product\/yoast-seo-wordpress\/ -->\n<title>Aktivit\u00e4ten - Camping Drei Spatzen<\/title>\n<meta name=\"robots\" content=\"index, follow, max-snippet:-1, max-image-preview:large, max-video-preview:-1\" \/>\n<link rel=\"canonical\" href=\"https:\/\/camping-dreispatzen.eu\/de\/aktivitaeten\/\" \/>\n<meta property=\"og:locale\" content=\"de_DE\" \/>\n<meta property=\"og:type\" content=\"article\" \/>\n<meta property=\"og:title\" content=\"Aktivit\u00e4ten - Camping Drei Spatzen\" \/>\n<meta property=\"og:description\" content=\"Learn more Learn more Learn more\" \/>\n<meta property=\"og:url\" content=\"https:\/\/camping-dreispatzen.eu\/de\/aktivitaeten\/\" \/>\n<meta property=\"og:site_name\" content=\"Camping Drei Spatzen\" \/>\n<meta property=\"article:modified_time\" content=\"2023-05-23T13:34:55+00:00\" \/>\n<meta property=\"og:image\" content=\"https:\/\/camping-dreispatzen.eu\/wp-content\/uploads\/2023\/01\/Camping-Drei-Spatzen-scaled.jpg\" \/>\n\t<meta property=\"og:image:width\" content=\"2560\" \/>\n\t<meta property=\"og:image:height\" content=\"1211\" \/>\n\t<meta property=\"og:image:type\" content=\"image\/jpeg\" \/>\n<meta name=\"twitter:card\" content=\"summary_large_image\" \/>\n<script type=\"application\/ld+json\" class=\"yoast-schema-graph\">{\"@context\":\"https:\\\/\\\/schema.org\",\"@graph\":[{\"@type\":\"WebPage\",\"@id\":\"https:\\\/\\\/camping-dreispatzen.eu\\\/de\\\/aktivitaeten\\\/\",\"url\":\"https:\\\/\\\/camping-dreispatzen.eu\\\/de\\\/aktivitaeten\\\/\",\"name\":\"Aktivit\u00e4ten - Camping Drei Spatzen\",\"isPartOf\":{\"@id\":\"https:\\\/\\\/camping-dreispatzen.eu\\\/de\\\/#website\"},\"primaryImageOfPage\":{\"@id\":\"https:\\\/\\\/camping-dreispatzen.eu\\\/de\\\/aktivitaeten\\\/#primaryimage\"},\"image\":{\"@id\":\"https:\\\/\\\/camping-dreispatzen.eu\\\/de\\\/aktivitaeten\\\/#primaryimage\"},\"thumbnailUrl\":\"https:\\\/\\\/camping-dreispatzen.eu\\\/wp-content\\\/uploads\\\/2023\\\/01\\\/Camping-Drei-Spatzen-scaled.jpg\",\"datePublished\":\"2023-03-01T10:19:23+00:00\",\"dateModified\":\"2023-05-23T13:34:55+00:00\",\"breadcrumb\":{\"@id\":\"https:\\\/\\\/camping-dreispatzen.eu\\\/de\\\/aktivitaeten\\\/#breadcrumb\"},\"inLanguage\":\"de\",\"potentialAction\":[{\"@type\":\"ReadAction\",\"target\":[\"https:\\\/\\\/camping-dreispatzen.eu\\\/de\\\/aktivitaeten\\\/\"]}]},{\"@type\":\"ImageObject\",\"inLanguage\":\"de\",\"@id\":\"https:\\\/\\\/camping-dreispatzen.eu\\\/de\\\/aktivitaeten\\\/#primaryimage\",\"url\":\"https:\\\/\\\/camping-dreispatzen.eu\\\/wp-content\\\/uploads\\\/2023\\\/01\\\/Camping-Drei-Spatzen-scaled.jpg\",\"contentUrl\":\"https:\\\/\\\/camping-dreispatzen.eu\\\/wp-content\\\/uploads\\\/2023\\\/01\\\/Camping-Drei-Spatzen-scaled.jpg\",\"width\":2560,\"height\":1211},{\"@type\":\"BreadcrumbList\",\"@id\":\"https:\\\/\\\/camping-dreispatzen.eu\\\/de\\\/aktivitaeten\\\/#breadcrumb\",\"itemListElement\":[{\"@type\":\"ListItem\",\"position\":1,\"name\":\"Home\",\"item\":\"https:\\\/\\\/camping-dreispatzen.eu\\\/de\\\/startseite\\\/\"},{\"@type\":\"ListItem\",\"position\":2,\"name\":\"Aktivit\u00e4ten\"}]},{\"@type\":\"WebSite\",\"@id\":\"https:\\\/\\\/camping-dreispatzen.eu\\\/de\\\/#website\",\"url\":\"https:\\\/\\\/camping-dreispatzen.eu\\\/de\\\/\",\"name\":\"Camping Drei Spatzen\",\"description\":\"Kamperen  in de bosrijke Eifel\",\"publisher\":{\"@id\":\"https:\\\/\\\/camping-dreispatzen.eu\\\/de\\\/#organization\"},\"potentialAction\":[{\"@type\":\"SearchAction\",\"target\":{\"@type\":\"EntryPoint\",\"urlTemplate\":\"https:\\\/\\\/camping-dreispatzen.eu\\\/de\\\/?s={search_term_string}\"},\"query-input\":{\"@type\":\"PropertyValueSpecification\",\"valueRequired\":true,\"valueName\":\"search_term_string\"}}],\"inLanguage\":\"de\"},{\"@type\":\"Organization\",\"@id\":\"https:\\\/\\\/camping-dreispatzen.eu\\\/de\\\/#organization\",\"name\":\"Camping Drei Spatzen\",\"url\":\"https:\\\/\\\/camping-dreispatzen.eu\\\/de\\\/\",\"logo\":{\"@type\":\"ImageObject\",\"inLanguage\":\"de\",\"@id\":\"https:\\\/\\\/camping-dreispatzen.eu\\\/de\\\/#\\\/schema\\\/logo\\\/image\\\/\",\"url\":\"https:\\\/\\\/camping-dreispatzen.eu\\\/wp-content\\\/uploads\\\/2020\\\/10\\\/Camping-drei-Spatzen.png\",\"contentUrl\":\"https:\\\/\\\/camping-dreispatzen.eu\\\/wp-content\\\/uploads\\\/2020\\\/10\\\/Camping-drei-Spatzen.png\",\"width\":2560,\"height\":2362,\"caption\":\"Camping Drei Spatzen\"},\"image\":{\"@id\":\"https:\\\/\\\/camping-dreispatzen.eu\\\/de\\\/#\\\/schema\\\/logo\\\/image\\\/\"}}]}<\/script>\n<!-- \/ Yoast SEO plugin. -->","yoast_head_json":{"title":"Aktivit\u00e4ten - Camping Drei Spatzen","robots":{"index":"index","follow":"follow","max-snippet":"max-snippet:-1","max-image-preview":"max-image-preview:large","max-video-preview":"max-video-preview:-1"},"canonical":"https:\/\/camping-dreispatzen.eu\/de\/aktivitaeten\/","og_locale":"de_DE","og_type":"article","og_title":"Aktivit\u00e4ten - Camping Drei Spatzen","og_description":"Learn more Learn more Learn more","og_url":"https:\/\/camping-dreispatzen.eu\/de\/aktivitaeten\/","og_site_name":"Camping Drei Spatzen","article_modified_time":"2023-05-23T13:34:55+00:00","og_image":[{"width":2560,"height":1211,"url":"https:\/\/camping-dreispatzen.eu\/wp-content\/uploads\/2023\/01\/Camping-Drei-Spatzen-scaled.jpg","type":"image\/jpeg"}],"twitter_card":"summary_large_image","schema":{"@context":"https:\/\/schema.org","@graph":[{"@type":"WebPage","@id":"https:\/\/camping-dreispatzen.eu\/de\/aktivitaeten\/","url":"https:\/\/camping-dreispatzen.eu\/de\/aktivitaeten\/","name":"Aktivit\u00e4ten - Camping Drei Spatzen","isPartOf":{"@id":"https:\/\/camping-dreispatzen.eu\/de\/#website"},"primaryImageOfPage":{"@id":"https:\/\/camping-dreispatzen.eu\/de\/aktivitaeten\/#primaryimage"},"image":{"@id":"https:\/\/camping-dreispatzen.eu\/de\/aktivitaeten\/#primaryimage"},"thumbnailUrl":"https:\/\/camping-dreispatzen.eu\/wp-content\/uploads\/2023\/01\/Camping-Drei-Spatzen-scaled.jpg","datePublished":"2023-03-01T10:19:23+00:00","dateModified":"2023-05-23T13:34:55+00:00","breadcrumb":{"@id":"https:\/\/camping-dreispatzen.eu\/de\/aktivitaeten\/#breadcrumb"},"inLanguage":"de","potentialAction":[{"@type":"ReadAction","target":["https:\/\/camping-dreispatzen.eu\/de\/aktivitaeten\/"]}]},{"@type":"ImageObject","inLanguage":"de","@id":"https:\/\/camping-dreispatzen.eu\/de\/aktivitaeten\/#primaryimage","url":"https:\/\/camping-dreispatzen.eu\/wp-content\/uploads\/2023\/01\/Camping-Drei-Spatzen-scaled.jpg","contentUrl":"https:\/\/camping-dreispatzen.eu\/wp-content\/uploads\/2023\/01\/Camping-Drei-Spatzen-scaled.jpg","width":2560,"height":1211},{"@type":"BreadcrumbList","@id":"https:\/\/camping-dreispatzen.eu\/de\/aktivitaeten\/#breadcrumb","itemListElement":[{"@type":"ListItem","position":1,"name":"Home","item":"https:\/\/camping-dreispatzen.eu\/de\/startseite\/"},{"@type":"ListItem","position":2,"name":"Aktivit\u00e4ten"}]},{"@type":"WebSite","@id":"https:\/\/camping-dreispatzen.eu\/de\/#website","url":"https:\/\/camping-dreispatzen.eu\/de\/","name":"Camping Drei Spatzen","description":"Kamperen  in de bosrijke Eifel","publisher":{"@id":"https:\/\/camping-dreispatzen.eu\/de\/#organization"},"potentialAction":[{"@type":"SearchAction","target":{"@type":"EntryPoint","urlTemplate":"https:\/\/camping-dreispatzen.eu\/de\/?s={search_term_string}"},"query-input":{"@type":"PropertyValueSpecification","valueRequired":true,"valueName":"search_term_string"}}],"inLanguage":"de"},{"@type":"Organization","@id":"https:\/\/camping-dreispatzen.eu\/de\/#organization","name":"Camping Drei Spatzen","url":"https:\/\/camping-dreispatzen.eu\/de\/","logo":{"@type":"ImageObject","inLanguage":"de","@id":"https:\/\/camping-dreispatzen.eu\/de\/#\/schema\/logo\/image\/","url":"https:\/\/camping-dreispatzen.eu\/wp-content\/uploads\/2020\/10\/Camping-drei-Spatzen.png","contentUrl":"https:\/\/camping-dreispatzen.eu\/wp-content\/uploads\/2020\/10\/Camping-drei-Spatzen.png","width":2560,"height":2362,"caption":"Camping Drei Spatzen"},"image":{"@id":"https:\/\/camping-dreispatzen.eu\/de\/#\/schema\/logo\/image\/"}}]}},"_links":{"self":[{"href":"https:\/\/camping-dreispatzen.eu\/de\/wp-json\/wp\/v2\/pages\/3720","targetHints":{"allow":["GET"]}}],"collection":[{"href":"https:\/\/camping-dreispatzen.eu\/de\/wp-json\/wp\/v2\/pages"}],"about":[{"href":"https:\/\/camping-dreispatzen.eu\/de\/wp-json\/wp\/v2\/types\/page"}],"author":[{"embeddable":true,"href":"https:\/\/camping-dreispatzen.eu\/de\/wp-json\/wp\/v2\/users\/1"}],"replies":[{"embeddable":true,"href":"https:\/\/camping-dreispatzen.eu\/de\/wp-json\/wp\/v2\/comments?post=3720"}],"version-history":[{"count":0,"href":"https:\/\/camping-dreispatzen.eu\/de\/wp-json\/wp\/v2\/pages\/3720\/revisions"}],"wp:featuredmedia":[{"embeddable":true,"href":"https:\/\/camping-dreispatzen.eu\/de\/wp-json\/wp\/v2\/media\/2523"}],"wp:attachment":[{"href":"https:\/\/camping-dreispatzen.eu\/de\/wp-json\/wp\/v2\/media?parent=3720"}],"curies":[{"name":"wp","href":"https:\/\/api.w.org\/{rel}","templated":true}]}}